{"id":365,"date":"2022-06-01T16:14:25","date_gmt":"2022-06-01T13:14:25","guid":{"rendered":"https:\/\/imajeczadeposu.com.tr\/?page_id=365"},"modified":"2022-06-01T18:24:46","modified_gmt":"2022-06-01T15:24:46","slug":"kisisel-verilerin-korunmasi","status":"publish","type":"page","link":"https:\/\/imajeczadeposu.com.tr\/?page_id=365","title":{"rendered":"Ki\u015fisel Verilerin Korunmas\u0131"},"content":{"rendered":"\t\t<div data-elementor-type=\"wp-page\" data-elementor-id=\"365\" class=\"elementor elementor-365\">\n\t\t\t\t\t\t<div class=\"elementor-inner\">\n\t\t\t\t<div class=\"elementor-section-wrap\">\n\t\t\t\t\t\t\t\t\t<section class=\"elementor-section elementor-top-section elementor-element elementor-element-bcbefc6 elementor-section-boxed elementor-section-height-default elementor-section-height-default\" data-id=\"bcbefc6\" data-element_type=\"section\">\n\t\t\t\t\t\t<div class=\"elementor-container elementor-column-gap-default\">\n\t\t\t\t\t\t\t<div class=\"elementor-row\">\n\t\t\t\t\t<div class=\"elementor-column elementor-col-100 elementor-top-column elementor-element elementor-element-e23a34b\" data-id=\"e23a34b\" data-element_type=\"column\">\n\t\t\t<div class=\"elementor-column-wrap elementor-element-populated\">\n\t\t\t\t\t\t\t<div class=\"elementor-widget-wrap\">\n\t\t\t\t\t\t<div class=\"elementor-element elementor-element-e27aeac elementor-widget elementor-widget-heading\" data-id=\"e27aeac\" data-element_type=\"widget\" data-widget_type=\"heading.default\">\n\t\t\t\t<div class=\"elementor-widget-container\">\n\t\t\t<h2 class=\"elementor-heading-title elementor-size-default\">Ki\u015fisel Verilerin Korunmas\u0131<\/h2>\t\t<\/div>\n\t\t\t\t<\/div>\n\t\t\t\t<div class=\"elementor-element elementor-element-bd197f1 elementor-tabs-view-vertical elementor-widget elementor-widget-tabs\" data-id=\"bd197f1\" data-element_type=\"widget\" data-widget_type=\"tabs.default\">\n\t\t\t\t<div class=\"elementor-widget-container\">\n\t\t\t\t\t<div class=\"elementor-tabs\">\n\t\t\t<div class=\"elementor-tabs-wrapper\" role=\"tablist\" >\n\t\t\t\t\t\t\t\t\t<div id=\"elementor-tab-title-1981\" class=\"elementor-tab-title elementor-tab-desktop-title\" aria-selected=\"true\" data-tab=\"1\" role=\"tab\" tabindex=\"0\" aria-controls=\"elementor-tab-content-1981\" aria-expanded=\"false\"><a href=\"\">Ki\u015fisel Verilerin Korunmas\u0131<\/a><\/div>\n\t\t\t\t\t\t\t\t\t<div id=\"elementor-tab-title-1982\" class=\"elementor-tab-title elementor-tab-desktop-title\" aria-selected=\"false\" data-tab=\"2\" role=\"tab\" tabindex=\"-1\" aria-controls=\"elementor-tab-content-1982\" aria-expanded=\"false\"><a href=\"\">Ki\u015fisel Verilerin Korunmas\u0131 Politikas\u0131<\/a><\/div>\n\t\t\t\t\t\t\t\t\t<div id=\"elementor-tab-title-1983\" class=\"elementor-tab-title elementor-tab-desktop-title\" aria-selected=\"false\" data-tab=\"3\" role=\"tab\" tabindex=\"-1\" aria-controls=\"elementor-tab-content-1983\" aria-expanded=\"false\"><a href=\"\">Gizlilik Politikam\u0131z<\/a><\/div>\n\t\t\t\t\t\t\t\t\t<div id=\"elementor-tab-title-1984\" class=\"elementor-tab-title elementor-tab-desktop-title\" aria-selected=\"false\" data-tab=\"4\" role=\"tab\" tabindex=\"-1\" aria-controls=\"elementor-tab-content-1984\" aria-expanded=\"false\"><a href=\"\">\u00c7erez Politikamiz<\/a><\/div>\n\t\t\t\t\t\t\t<\/div>\n\t\t\t<div class=\"elementor-tabs-content-wrapper\" role=\"tablist\" aria-orientation=\"vertical\">\n\t\t\t\t\t\t\t\t\t<div class=\"elementor-tab-title elementor-tab-mobile-title\" aria-selected=\"true\" data-tab=\"1\" role=\"tab\" tabindex=\"0\" aria-controls=\"elementor-tab-content-1981\" aria-expanded=\"false\">Ki\u015fisel Verilerin Korunmas\u0131<\/div>\n\t\t\t\t\t<div id=\"elementor-tab-content-1981\" class=\"elementor-tab-content elementor-clearfix\" data-tab=\"1\" role=\"tabpanel\" aria-labelledby=\"elementor-tab-title-1981\" tabindex=\"0\" hidden=\"false\"><p><strong>\u0130maj Ecza Deposu Medikal \u0130triyat San. Ve Tic. Ltd. \u015eti.<\/strong>\u00a0olarak m\u00fc\u015fterilerimizin, tedarik\u00e7ilerimizin , \u00e7al\u0131\u015fanlar\u0131m\u0131z\u0131n ve \u00e7al\u0131\u015fan adaylar\u0131m\u0131z\u0131n ki\u015fisel verilerine ili\u015fkin gizlili\u011fin korunmas\u0131, bilgi g\u00fcvenli\u011finin sa\u011flanmas\u0131 ve korunmas\u0131 \u00f6ncelikli prensiplerimiz aras\u0131nda yer almaktad\u0131r.<\/p><p><strong>Ki\u015fisel Verilerin Korunmas\u0131 Hakk\u0131nda Ayd\u0131nlatma<\/strong><\/p><p>6698 say\u0131l\u0131 Ki\u015fisel Verilerin Korunmas\u0131 Kanunu (\u201cKanun\u201d olarak an\u0131lacakt\u0131r) kapsam\u0131nda firmam\u0131z ile payla\u015fm\u0131\u015f oldu\u011funuz ki\u015fisel verileriniz (\u00f6\u011frenim bilgileriniz, \u00e7al\u0131\u015fma ve sosyal hayat\u0131n\u0131za ili\u015fkin bilgiler, mali durumunuz) ile \u00f6zel nitelikli ki\u015fisel verileriniz (sendika\/dernek\/vak\u0131f \u00fcyeliklerine ili\u015fkin bilgiler, ceza mahkumiyeti, medeni haliniz, cinsel hayat, biyometrik veri ve sa\u011fl\u0131k durumunuza ili\u015fkin bilgiler) firmam\u0131z taraf\u0131ndan Kanun\u2019a uygun \u015fekilde saklanacak, kaydedilecek, g\u00fcncellenecek, mevzuat\u0131n izin verdi\u011fi durumlarda 3. ki\u015filere a\u00e7\u0131klanabilecek \/ devredilebilecek, s\u0131n\u0131fland\u0131r\u0131labilecek ve Kanun\u2019da say\u0131lan \u015fekillerde i\u015flenebilecektir.<\/p><p><b>Ki\u015fisel Veri Aktar\u0131m ve Ama\u00e7lar\u0131<\/b><\/p><p>\u0130\u015flenen ki\u015fisel verileriniz KVKK Md.28\/1 \u00e7er\u00e7evesinde talep edilmesi halinde ayd\u0131nlatma y\u00fck\u00fcml\u00fcl\u00fc\u011f\u00fc olmadan ve a\u00e7\u0131k r\u0131zan\u0131z aranmadan ilgili makamlara aktar\u0131labilir.<\/p><p>Bunun d\u0131\u015f\u0131nda \u00f6ng\u00f6r\u00fclemeyen durumlarda da ki\u015fisel verileriniz kanunlarda a\u00e7\u0131k\u00e7a belirtilmi\u015f durumlarda talep edilmesi halinde kanunlarda belirtilen kamu kurumlar\u0131na (bakanl\u0131klar, Cumhurba\u015fkanl\u0131\u011f\u0131 kurullar\u0131 gibi idari makamlara) kanunda \u00f6ng\u00f6r\u00fclen ama\u00e7 ve s\u0131n\u0131rlamalar dahilinde aktar\u0131labilir. Bu a\u015famada \u00f6ng\u00f6r\u00fclebilir b\u00f6yle bir durumun olmamas\u0131 sebebiyle bilgi verilememektedir. Bunun ger\u00e7ekle\u015fmesi durumunda taraf\u0131n\u0131z ayr\u0131ca \u00f6nceden bilgilendirilecektir.<\/p><p>Ayr\u0131ca, s\u00f6zle\u015fme gereksinimleri, sunulan hizmetin tam, do\u011fru ve zaman\u0131nda yap\u0131labilmesi, talep ve \u015fikayetlerin kar\u015f\u0131lanabilmesi, sekt\u00f6r \u0130maj Ecza Deposu Medikal \u0130triyat San. Ve Tic. Ltd. \u015eti.\u00a0i\u015ftirakleri ve hizmet sa\u011flay\u0131c\u0131lar\u0131 (i\u015f orta\u011f\u0131) ile payla\u015f\u0131lmaktad\u0131r.<\/p><p>Ki\u015fisel verileriniz, ayd\u0131nlatma y\u00fck\u00fcml\u00fcl\u00fc\u011f\u00fc olmayan ve a\u00e7\u0131k r\u0131zan\u0131z\u0131 gerektirmeyen yasal y\u00fck\u00fcml\u00fcl\u00fcklerimiz d\u0131\u015f\u0131nda herhangi bir ger\u00e7ek ve t\u00fczel ki\u015fi ve kurum ve kurulu\u015fa aktar\u0131lmamaktad\u0131r.<\/p><p><strong>Veri Sahibi Olarak Haklar\u0131n\u0131z:<\/strong><\/p><p>Ki\u015fisel Verilerinizin i\u015flenmesi ile ilgili olarak veri sorumlusu<strong> \u0130maj Ecza Deposu Medikal \u0130triyat San. Ve Tic. Ltd. \u015eti.<\/strong> \u2019ye ba\u015fvurarak:<\/p><ol style=\"list-style: lower-alpha;\"><li>Ki\u015fisel verinizin i\u015flenip i\u015flenmedi\u011fini \u00f6\u011frenme,<\/li><li>Ki\u015fisel veriniz i\u015flenmi\u015fse buna ili\u015fkin bilgi talep etme,<\/li><li>Ki\u015fisel verilerinizin i\u015flenme amac\u0131n\u0131 ve bunlar\u0131n amac\u0131na uygun kullan\u0131l\u0131p kullan\u0131lmad\u0131\u011f\u0131n\u0131 \u00f6\u011frenme,<\/li><li>Yurt i\u00e7inde veya yurt d\u0131\u015f\u0131nda ki\u015fisel verilerinizin aktar\u0131ld\u0131\u011f\u0131 \u00fc\u00e7\u00fcnc\u00fc ki\u015fileri bilme,<\/li><li>Ki\u015fisel verileriniz eksik veya yanl\u0131\u015f i\u015flenmi\u015f olmas\u0131 h\u00e2linde bunlar\u0131n d\u00fczeltilmesini isteme,<\/li><li>Kanunu\u2019n 7. Maddesinde \u00f6ng\u00f6r\u00fclen \u015fartlar \u00e7er\u00e7evesinde ki\u015fisel verilerin silinmesini veya yok edilmesini isteme,<\/li><li>(e) ve (f) bentleri uyar\u0131nca yap\u0131lan i\u015flemlerin, ki\u015fisel verilerin aktar\u0131ld\u0131\u011f\u0131 \u00fc\u00e7\u00fcnc\u00fc ki\u015filerin bildirilmesini isteme,<\/li><li>\u0130\u015flenen verilerin m\u00fcnhas\u0131ran otomatik sistemler vas\u0131tas\u0131yla analiz edilmesi suretiyle ki\u015finin kendisi aleyhine bir sonucun ortaya \u00e7\u0131kmas\u0131na itiraz etme, ve<\/li><li>Ki\u015fisel verilerinizin Kanun\u2019a ayk\u0131r\u0131 olarak i\u015flenmesi sebebiyle zarara u\u011framas\u0131 h\u00e2linde zarar\u0131n giderilmesini talep etme, haklar\u0131na sahip oldu\u011funuzu bilgilerinize sunar\u0131z.<\/li><\/ol><p><strong>Ki\u015fisel Verilerinizin i\u015flenmesi ile ilgili talep ve \u015fikayetlerinizi<\/strong> <strong>kvkk@imajeczadeposu.com.tr veya\u00a0<\/strong><br \/><strong>0 (312) 326 37 33<\/strong> numaral\u0131 telefonundan veya <strong>\u0130vedik Osb Mah\/Semt 1333 Cad. No: 46 A Yenimahalle \/ Ankara<\/strong>\u00a0adresinden bildirebilirsiniz.<\/p><\/div>\n\t\t\t\t\t\t\t\t\t<div class=\"elementor-tab-title elementor-tab-mobile-title\" aria-selected=\"false\" data-tab=\"2\" role=\"tab\" tabindex=\"-1\" aria-controls=\"elementor-tab-content-1982\" aria-expanded=\"false\">Ki\u015fisel Verilerin Korunmas\u0131 Politikas\u0131<\/div>\n\t\t\t\t\t<div id=\"elementor-tab-content-1982\" class=\"elementor-tab-content elementor-clearfix\" data-tab=\"2\" role=\"tabpanel\" aria-labelledby=\"elementor-tab-title-1982\" tabindex=\"0\" hidden=\"hidden\">Lorem ipsum dolor sit amet, consectetur adipiscing elit. Ut elit tellus, luctus nec ullamcorper mattis, pulvinar dapibus leo.<\/div>\n\t\t\t\t\t\t\t\t\t<div class=\"elementor-tab-title elementor-tab-mobile-title\" aria-selected=\"false\" data-tab=\"3\" role=\"tab\" tabindex=\"-1\" aria-controls=\"elementor-tab-content-1983\" aria-expanded=\"false\">Gizlilik Politikam\u0131z<\/div>\n\t\t\t\t\t<div id=\"elementor-tab-content-1983\" class=\"elementor-tab-content elementor-clearfix\" data-tab=\"3\" role=\"tabpanel\" aria-labelledby=\"elementor-tab-title-1983\" tabindex=\"0\" hidden=\"hidden\"><p>sorumlusu \u0130maj Ecza Deposu Medikal \u0130triyat San. Ve Tic. Ltd. \u015eti.\u00a0olarak m\u00fc\u015fterilerimizin, tedarik\u00e7ilerimizin , \u00e7al\u0131\u015fanlar\u0131m\u0131z\u0131n ve \u00e7al\u0131\u015fan adaylar\u0131m\u0131z\u0131n verdi\u011fi t\u00fcm bilgilerin gizlili\u011fini korumak amac\u0131yla a\u015fa\u011f\u0131da belirtilen temel kurallar\u0131 benimsemi\u015ftir:<\/p><\/div>\n\t\t\t\t\t\t\t\t\t<div class=\"elementor-tab-title elementor-tab-mobile-title\" aria-selected=\"false\" data-tab=\"4\" role=\"tab\" tabindex=\"-1\" aria-controls=\"elementor-tab-content-1984\" aria-expanded=\"false\">\u00c7erez Politikamiz<\/div>\n\t\t\t\t\t<div id=\"elementor-tab-content-1984\" class=\"elementor-tab-content elementor-clearfix\" data-tab=\"4\" role=\"tabpanel\" aria-labelledby=\"elementor-tab-title-1984\" tabindex=\"0\" hidden=\"hidden\"><p>\u0130maj Ecza Deposu Medikal \u0130triyat San. Ve Tic. Ltd. \u015eti. olarak web sitelerimizi ziyaretleriniz s\u0131ras\u0131nda deneyiminizi geli\u015ftirmek i\u00e7in \u00e7erezlerden faydalan\u0131yoruz. Bu teknolojilerin kullan\u0131m\u0131 ba\u015fta 6698 say\u0131l\u0131 Ki\u015fisel Verilerin Korunmas\u0131 Kanunu (\u201cKVK Kanunu\u201d) olmak \u00fczere tabi oldu\u011fumuz mevzuata uygun \u015fekilde ger\u00e7ekle\u015ftirilmektedir. Ki\u015fisel verilerinizin \u015eirketimiz taraf\u0131ndan i\u015flenmesi hakk\u0131nda daha<br \/>detayl\u0131 bilgi almak i\u00e7in www.imajeczadeposu.com.tr adresinde yer alan \u201cKi\u015fisel Verilerin Korunmas\u0131\u201d i\u00e7eri\u011fini okuman\u0131z\u0131 tavsiye ederiz.<\/p><p><strong>\u00c7erez Nedir?<\/strong><br \/>\u00c7erez, size daha h\u0131zl\u0131 ve g\u00fcvenli bir deneyim sa\u011flamak amac\u0131yla internet sitelerinin bilgisayar\u0131n\u0131za b\u0131rakt\u0131\u011f\u0131 tan\u0131mlama dosyalar\u0131d\u0131r. Sitemizi tekrar ziyaret etti\u011finizde bilgisayar\u0131n\u0131z\u0131 tan\u0131mam\u0131z\u0131,<br \/>ihtiya\u00e7lar\u0131n\u0131za uygun ve size \u00f6zel hizmetleri daha \u00e7abuk sunmam\u0131z\u0131 sa\u011flarlar.<\/p><p><strong>Neden \u00c7erez Kullan\u0131yoruz?<\/strong><\/p><ul><li>\u0130nternet sitemiz \u00fczerinde daha sonraki ziyaretlerinizde kullan\u0131c\u0131 deneyimlerini iyile\u015ftirmek,<\/li><li>\u0130nternet sitemizin fonksiyonlar\u0131n\u0131 iyile\u015ftirmemize yard\u0131mc\u0131 olacak analizleri ve istatistikleri olu\u015fturmak,<\/li><li>Hesaplama ara\u00e7lar\u0131na girilen bilgileri kay\u0131t alt\u0131nda tutmak,<\/li><li>Kullan\u0131m al\u0131\u015fkanl\u0131klar\u0131n\u0131z \u00e7er\u00e7evesi de \u015firketimiz \u00fcr\u00fcn ve hizmetlerimizi tercihlerinize uygun<br \/>olacak \u015fekilde sizlere sunabilmek, internet sitemizi ki\u015fiselle\u015ftirebilmek,<\/li><li>Daha etkin pazarlama faaliyetleri ger\u00e7ekle\u015ftirmek amac\u0131yla \u00e7erez kullan\u0131yoruz.<\/li><\/ul><p>\u0130nternet sitemizde \u201cGe\u00e7ici \u00c7erezler\u201d ve \u201cKal\u0131c\u0131 \u00c7erezler\u201d olmak \u00fczere iki t\u00fcr \u00e7erez kullan\u0131lmaktad\u0131r.<\/p><p>Ge\u00e7ici \u00e7erezler sitemizde ge\u00e7irdi\u011finiz s\u00fcre boyunca aktif olurlar ve internet sitesinden ayr\u0131ld\u0131\u011f\u0131n\u0131zda bilgisayar\u0131n\u0131zdan silinirler.<\/p><p>Kal\u0131c\u0131 \u00e7erezler ise internet sitemizi ziyaret etti\u011finizde olu\u015fturulur, siz silinceye veya s\u00fcreleri doluncaya kadar sabit diskinizde kal\u0131rlar. Kal\u0131c\u0131 \u00e7erezler size ayarlar\u0131n\u0131z ile uyumlu ki\u015fiselle\u015ftirilmi\u015f bir deneyim sunmam\u0131z i\u00e7in yard\u0131mc\u0131 olurlar.<\/p><p>Kal\u0131c\u0131 ve Ge\u00e7ici \u00c7erezler bilgisayar\u0131n\u0131zda veya dosyalar\u0131n\u0131zda depolanan ki\u015fisel verileriniz de dahil olmak \u00fczere kullan\u0131c\u0131lara ait gizli bilgileri toplamazlar.<\/p><p><strong>Ge\u00e7ici \u00c7erezleri Nerelerde Kullan\u0131yoruz?<\/strong><\/p><p>Ge\u00e7ici \u00e7erezleri; \u201cE\u011fitim Teklifi\u201d ve \u201cE\u011fitim Detay\u201d sayfalar\u0131nda, sizin otomatik bir yaz\u0131l\u0131m de\u011fil ger\u00e7ek bir insan oldu\u011funuzu do\u011frulamak i\u00e7in kullan\u0131lan \u201cCaptcha\u201d resmi uygulamas\u0131nda ve \u201cTeklif<br \/>Hesaplama\u201d uygulamas\u0131nda kullan\u0131yoruz.<\/p><p><strong>Kal\u0131c\u0131 \u00c7erezleri Nerelerde Kullan\u0131yoruz?<\/strong><\/p><p>Kal\u0131c\u0131 \u00c7erezleri; hesaplama ara\u00e7lar\u0131nda, ki\u015fisel verilerde, son gezilen sayfalarda, bannerlarda, \u201cTeklif<br \/>Talep\u201d sayfas\u0131nda bulunan il ve il\u00e7e tan\u0131mlamalar\u0131nda ve \u201cSurvey\u201d alan\u0131nda ankete kat\u0131lanlar i\u00e7in kullan\u0131yoruz.<\/p><p><strong>Kulland\u0131\u011f\u0131m\u0131z \u00c7erez T\u00fcrleri ve A\u00e7\u0131klamalar\u0131<\/strong><\/p><p><strong>Oturum \u00c7erezleri<\/strong><\/p><p>\u0130nternet sayfalar\u0131 aras\u0131nda bilgi ta\u015f\u0131nmas\u0131 ve kullan\u0131c\u0131 taraf\u0131ndan girilen bilgilerin sistemsel olarak hat\u0131rlanmas\u0131 gibi \u00e7e\u015fitli \u00f6zelliklerden faydalanmaya olanak sa\u011flayan \u00e7erezlerdir ve internet sitesine ait fonksiyonlar\u0131n d\u00fczg\u00fcn bir \u015fekilde i\u015fleyebilmesi i\u00e7in gereklidir.<\/p><p><strong>Performans \u00c7erezleri<\/strong><\/p><p>Sayfalar\u0131n ziyaret edilme frekans\u0131, olas\u0131 hata iletileri, kullan\u0131c\u0131lar\u0131n ilgili sayfada harcad\u0131klar\u0131 toplam zaman ile birlikte siteyi kullan\u0131m desenleri konular\u0131nda bilgi toplayan \u00e7erezlerdir. \u0130nternet sitesinin performans\u0131n\u0131 art\u0131rma amac\u0131yla kullan\u0131lmaktad\u0131r.<\/p><p><strong>Fonksiyonel \u00c7erezler<\/strong><\/p><p>Kullan\u0131c\u0131ya kolayl\u0131k sa\u011flanmas\u0131 amac\u0131yla \u00f6nceden se\u00e7ili olan se\u00e7eneklerin hat\u0131rlat\u0131lmas\u0131n\u0131 sa\u011flayan \u00e7erezlerdir. Kullan\u0131c\u0131lara geli\u015fmi\u015f internet \u00f6zellikleri sa\u011flanmas\u0131n\u0131 hedeflemektedir.<\/p><p><strong>Operasyonel Ama\u00e7l\u0131 \u00c7erezler<\/strong><\/p><p>Sistemlerinin idaresi ve g\u00fcvenli\u011finin sa\u011flanmas\u0131 amac\u0131yla, bu sitedeki fonksiyonlardan yararlanmay\u0131 sa\u011flayan veyahut d\u00fczensiz davran\u0131\u015flar\u0131 tespit eden \u00e7erezlerdir.<\/p><p><strong>Reklam ve \u00dc\u00e7\u00fcnc\u00fc Taraf \u00c7erezleri<\/strong><\/p><p>\u00dc\u00e7\u00fcnc\u00fc parti tedarik\u00e7ilere ait \u00e7erezlerdir. \u0130nternet sitesindeki baz\u0131 fonksiyonlar\u0131n kullan\u0131m\u0131na ve reklam takibinin yap\u0131lmas\u0131na olanak sa\u011flamaktad\u0131r<\/p><p><strong>\u00c7erezlerin Kullan\u0131m\u0131n\u0131 Nas\u0131l Kontrol Edebilirsiniz?<\/strong><\/p><p><strong>\u0130maj Ecza Deposu Medikal \u0130triyat San. Ve Tic. Ltd. \u015eti.<\/strong> kulland\u0131\u011f\u0131 \u00e7erezlerde m\u00fc\u015fterilerine, kullan\u0131c\u0131lar\u0131na ait gizli bilgileri saklamaz. \u0130nternet taray\u0131c\u0131lar\u0131, \u00e7erezleri otomatik olarak kabul edecek \u015fekilde \u00f6n tan\u0131ml\u0131d\u0131r. Ancak \u00e7erezleri diledi\u011finiz gibi kontrol edebilir veya silebilirsiniz.<br \/>\u00c7erezleri y\u00f6netmek taray\u0131c\u0131dan taray\u0131c\u0131ya farkl\u0131l\u0131k g\u00f6sterir. \u00c7erezlerin bilgisayar\u0131n\u0131zda saklanmas\u0131n\u0131 istemiyorsan\u0131z taray\u0131c\u0131n\u0131z\u0131n ayarlar k\u0131sm\u0131ndan \u00e7erez kullan\u0131m tercihlerinizi de\u011fi\u015ftirebilirsiniz. \u00c7erez<br \/>y\u00f6netim ayarlar\u0131 taray\u0131c\u0131dan taray\u0131c\u0131ya farkl\u0131l\u0131k g\u00f6stermekte ve modern taray\u0131c\u0131lar\u0131n yard\u0131m men\u00fcleri alt\u0131nda \u00e7erezlere ili\u015fkin detayl\u0131 bilgiler yer almaktad\u0131r.<br \/>\u00c7erezlerinizi y\u00f6netmek i\u00e7in a\u015fa\u011f\u0131daki linkleri kullanabilirsiniz. \u00c7erezleri tamamen engellemeyi tercih ederseniz<strong> \u0130maj Ecza Deposu Medikal \u0130triyat San. Ve Tic. Ltd. \u015eti.<\/strong> ait internet siteleri d\u00fczg\u00fcn \u00e7al\u0131\u015fmayabilir ya da size \u00f6zel f\u0131rsatlar\u0131 g\u00f6remeyebilirsiniz.<\/p><p><strong>\u0130maj Ecza Deposu Medikal \u0130triyat San. Ve Tic. Ltd.<\/strong> \u015eti. \u00c7erez Politikas\u0131 ile \u0130lgili \u00d6nemli Hat\u0131rlatmalar<\/p><ul><li>\u0130maj Ecza Deposu Medikal \u0130triyat San. Ve Tic. Ltd. \u015eti. gerekli g\u00f6rd\u00fc\u011f\u00fc durumlarda, kulland\u0131\u011f\u0131 \u00e7erezleri kullanmaktan vazge\u00e7ebilir, bunlar\u0131n t\u00fcrlerini veya fonksiyonlar\u0131n\u0131 de\u011fi\u015ftirebilir veya internet sitesine yeni \u00e7erezler ekleyebilir.<\/li><li>\u0130maj Ecza Deposu Medikal \u0130triyat San. Ve Tic. Ltd. \u015eti. \u2019nin \u00e7erez kullan\u0131m\u0131nda yapaca\u011f\u0131 de\u011fi\u015fiklikler \u00c7erez Politikas\u0131\u2019na yans\u0131t\u0131lacakt\u0131r. \u00c7erez Politikas\u0131\u2019n\u0131 belirli zamanlarda inceleyerek, \u00e7erez kullan\u0131m\u0131 ile ilgili bilgi edinmenizi tavsiye ederiz.<\/li><li>\u0130maj Ecza Deposu Medikal \u0130triyat San. Ve Tic. Ltd. \u015eti. \u00e7erezleri Gizlilik Politikas\u0131 kapsam\u0131nda<br \/>kullanmaktad\u0131r ve gerekli durumlarda \u00c7erez Politikas\u0131\u2019n\u0131 de\u011fi\u015ftirme hakk\u0131n\u0131 sakl\u0131 tutar.<\/li><\/ul><p><strong>Veri Sahibi Olarak Haklar\u0131n\u0131z Nelerdir?<\/strong><br \/>KVK Kanunu\u2019nun 11. maddesi uyar\u0131nca veri sahipleri;<\/p><ul><li>Ki\u015fisel veri i\u015flenip i\u015flenmedi\u011fini \u00f6\u011frenme,<\/li><li>Ki\u015fisel verileri i\u015flenmi\u015fse buna ili\u015fkin bilgi talep etme,<\/li><li>Ki\u015fisel verilerin i\u015flenme amac\u0131n\u0131 ve bunlar\u0131n amac\u0131na uygun kullan\u0131l\u0131p kullan\u0131lmad\u0131\u011f\u0131n\u0131 \u00f6\u011frenme,<\/li><li>Yurt i\u00e7inde veya yurt d\u0131\u015f\u0131nda ki\u015fisel verilerin aktar\u0131ld\u0131\u011f\u0131 \u00fc\u00e7\u00fcnc\u00fc ki\u015fileri bilme,<\/li><li>Ki\u015fisel verilerin eksik veya yanl\u0131\u015f i\u015flenmi\u015f olmas\u0131 h\u00e2linde bunlar\u0131n d\u00fczeltilmesini isteme ve bu kapsamda yap\u0131lan i\u015flemin ki\u015fisel verilerin aktar\u0131ld\u0131\u011f\u0131 \u00fc\u00e7\u00fcnc\u00fc ki\u015filere bildirilmesini isteme,<\/li><li>KVK Kanunu ve ilgili di\u011fer kanun h\u00fck\u00fcmlerine uygun olarak i\u015flenmi\u015f olmas\u0131na ra\u011fmen,<br \/>i\u015flenmesini gerektiren sebeplerin ortadan kalkmas\u0131 h\u00e2linde ki\u015fisel verilerin silinmesini veya<br \/>yok edilmesini isteme ve bu kapsamda yap\u0131lan i\u015flemin ki\u015fisel verilerin aktar\u0131ld\u0131\u011f\u0131 \u00fc\u00e7\u00fcnc\u00fc ki\u015filere bildirilmesini isteme,<\/li><li>\u0130\u015flenen verilerin m\u00fcnhas\u0131ran otomatik sistemler vas\u0131tas\u0131yla analiz edilmesi suretiyle ki\u015finin kendisi aleyhine bir sonucun ortaya \u00e7\u0131kmas\u0131na itiraz etme,<\/li><li>Ki\u015fisel verilerin kanuna ayk\u0131r\u0131 olarak i\u015flenmesi sebebiyle zarara u\u011framas\u0131 h\u00e2linde zarar\u0131n giderilmesini talep etme haklar\u0131na sahiptir.<\/li><\/ul><p>S\u00f6z konusu haklar\u0131n\u0131za ili\u015fkin taleplerinizi <strong>kvkk@imajeczadeposu.com<\/strong>.tr Mail adresinden 0 <strong>(312) 326 37 33<\/strong> numaral\u0131 \u0130leti\u015fim Merkezimizi arayarak veya \u015fubelerimizden iletmeniz halinde ba\u015fvurular\u0131n\u0131z en k\u0131sa s\u00fcrede ve en ge\u00e7 30 (otuz) g\u00fcn i\u00e7erisinde de\u011ferlendirilerek sonu\u00e7land\u0131r\u0131lacakt\u0131r.<\/p><\/div>\n\t\t\t\t\t\t\t<\/div>\n\t\t<\/div>\n\t\t\t\t<\/div>\n\t\t\t\t<\/div>\n\t\t\t\t\t\t<\/div>\n\t\t\t\t\t<\/div>\n\t\t<\/div>\n\t\t\t\t\t\t\t\t<\/div>\n\t\t\t\t\t<\/div>\n\t\t<\/section>\n\t\t\t\t\t\t\t\t\t<\/div>\n\t\t\t<\/div>\n\t\t\t\t\t<\/div>\n\t\t","protected":false},"excerpt":{"rendered":"<p>Ki\u015fisel Verilerin Korunmas\u0131 Ki\u015fisel Verilerin Korunmas\u0131 Ki\u015fisel Verilerin Korunmas\u0131 Politikas\u0131 Gizlilik Politikam\u0131z \u00c7erez Politikamiz Ki\u015fisel Verilerin Korunmas\u0131 \u0130maj Ecza Deposu Medikal \u0130triyat San. Ve Tic. Ltd. \u015eti.\u00a0olarak m\u00fc\u015fterilerimizin, tedarik\u00e7ilerimizin , \u00e7al\u0131\u015fanlar\u0131m\u0131z\u0131n ve \u00e7al\u0131\u015fan adaylar\u0131m\u0131z\u0131n ki\u015fisel verilerine ili\u015fkin gizlili\u011fin korunmas\u0131, bilgi g\u00fcvenli\u011finin sa\u011flanmas\u0131 ve korunmas\u0131 \u00f6ncelikli prensiplerimiz aras\u0131nda yer almaktad\u0131r. Ki\u015fisel Verilerin Korunmas\u0131 Hakk\u0131nda Ayd\u0131nlatma 6698 [&hellip;]<\/p>\n","protected":false},"author":2,"featured_media":0,"parent":0,"menu_order":0,"comment_status":"closed","ping_status":"closed","template":"elementor_header_footer","meta":[],"_links":{"self":[{"href":"https:\/\/imajeczadeposu.com.tr\/index.php?rest_route=\/wp\/v2\/pages\/365"}],"collection":[{"href":"https:\/\/imajeczadeposu.com.tr\/index.php?rest_route=\/wp\/v2\/pages"}],"about":[{"href":"https:\/\/imajeczadeposu.com.tr\/index.php?rest_route=\/wp\/v2\/types\/page"}],"author":[{"embeddable":true,"href":"https:\/\/imajeczadeposu.com.tr\/index.php?rest_route=\/wp\/v2\/users\/2"}],"replies":[{"embeddable":true,"href":"https:\/\/imajeczadeposu.com.tr\/index.php?rest_route=%2Fwp%2Fv2%2Fcomments&post=365"}],"version-history":[{"count":13,"href":"https:\/\/imajeczadeposu.com.tr\/index.php?rest_route=\/wp\/v2\/pages\/365\/revisions"}],"predecessor-version":[{"id":384,"href":"https:\/\/imajeczadeposu.com.tr\/index.php?rest_route=\/wp\/v2\/pages\/365\/revisions\/384"}],"wp:attachment":[{"href":"https:\/\/imajeczadeposu.com.tr\/index.php?rest_route=%2Fwp%2Fv2%2Fmedia&parent=365"}],"curies":[{"name":"wp","href":"https:\/\/api.w.org\/{rel}","templated":true}]}}